{"id":185,"date":"2018-12-01T23:52:05","date_gmt":"2018-12-01T23:52:05","guid":{"rendered":"http:\/\/bal90.org\/?page_id=185"},"modified":"2018-12-06T13:30:43","modified_gmt":"2018-12-06T13:30:43","slug":"hakkimizda","status":"publish","type":"page","link":"http:\/\/bal90.org\/?page_id=185","title":{"rendered":"Hakk\u0131m\u0131zda"},"content":{"rendered":"<h2>Hakk\u0131m\u0131zda hay\u0131rl\u0131s\u0131&#8230;<\/h2>\n","protected":false},"excerpt":{"rendered":"<p>Hakk\u0131m\u0131zda hay\u0131rl\u0131s\u0131&#8230;<\/p>\n","protected":false},"author":1,"featured_media":0,"parent":0,"menu_order":0,"comment_status":"closed","ping_status":"closed","template":"","meta":[],"_links":{"self":[{"href":"http:\/\/bal90.org\/index.php?rest_route=\/wp\/v2\/pages\/185"}],"collection":[{"href":"http:\/\/bal90.org\/index.php?rest_route=\/wp\/v2\/pages"}],"about":[{"href":"http:\/\/bal90.org\/index.php?rest_route=\/wp\/v2\/types\/page"}],"author":[{"embeddable":true,"href":"http:\/\/bal90.org\/index.php?rest_route=\/wp\/v2\/users\/1"}],"replies":[{"embeddable":true,"href":"http:\/\/bal90.org\/index.php?rest_route=%2Fwp%2Fv2%2Fcomments&post=185"}],"version-history":[{"count":5,"href":"http:\/\/bal90.org\/index.php?rest_route=\/wp\/v2\/pages\/185\/revisions"}],"predecessor-version":[{"id":226,"href":"http:\/\/bal90.org\/index.php?rest_route=\/wp\/v2\/pages\/185\/revisions\/226"}],"wp:attachment":[{"href":"http:\/\/bal90.org\/index.php?rest_route=%2Fwp%2Fv2%2Fmedia&parent=185"}],"curies":[{"name":"wp","href":"https:\/\/api.w.org\/{rel}","templated":true}]}}