{"id":229,"date":"2018-12-05T22:17:16","date_gmt":"2018-12-05T22:17:16","guid":{"rendered":"http:\/\/bal90.org\/?page_id=229"},"modified":"2018-12-06T13:19:58","modified_gmt":"2018-12-06T13:19:58","slug":"pinar-kinson","status":"publish","type":"page","link":"http:\/\/bal90.org\/?page_id=229","title":{"rendered":"P\u0131nar Kinson"},"content":{"rendered":"<p>P\u0131nar Kinson<\/p>\n<p>28.02.1972 &#8211; 22.02.1998<\/p>\n<p>Elim bir\u00a0kaza\u00a0sonucu\u00a0gen\u00e7 ya\u015fta kaybetti\u011fimiz sevgili arkada\u015f\u0131m\u0131z P\u0131nar&#8217;\u0131 \u00f6zlemle an\u0131yoruz.<\/p>\n","protected":false},"excerpt":{"rendered":"<p>P\u0131nar Kinson 28.02.1972 &#8211; 22.02.1998 Elim bir\u00a0kaza\u00a0sonucu\u00a0gen\u00e7 ya\u015fta kaybetti\u011fimiz sevgili arkada\u015f\u0131m\u0131z P\u0131nar&#8217;\u0131 \u00f6zlemle an\u0131yoruz.<\/p>\n","protected":false},"author":1,"featured_media":248,"parent":0,"menu_order":0,"comment_status":"closed","ping_status":"closed","template":"","meta":[],"_links":{"self":[{"href":"http:\/\/bal90.org\/index.php?rest_route=\/wp\/v2\/pages\/229"}],"collection":[{"href":"http:\/\/bal90.org\/index.php?rest_route=\/wp\/v2\/pages"}],"about":[{"href":"http:\/\/bal90.org\/index.php?rest_route=\/wp\/v2\/types\/page"}],"author":[{"embeddable":true,"href":"http:\/\/bal90.org\/index.php?rest_route=\/wp\/v2\/users\/1"}],"replies":[{"embeddable":true,"href":"http:\/\/bal90.org\/index.php?rest_route=%2Fwp%2Fv2%2Fcomments&post=229"}],"version-history":[{"count":3,"href":"http:\/\/bal90.org\/index.php?rest_route=\/wp\/v2\/pages\/229\/revisions"}],"predecessor-version":[{"id":250,"href":"http:\/\/bal90.org\/index.php?rest_route=\/wp\/v2\/pages\/229\/revisions\/250"}],"wp:featuredmedia":[{"embeddable":true,"href":"http:\/\/bal90.org\/index.php?rest_route=\/wp\/v2\/media\/248"}],"wp:attachment":[{"href":"http:\/\/bal90.org\/index.php?rest_route=%2Fwp%2Fv2%2Fmedia&parent=229"}],"curies":[{"name":"wp","href":"https:\/\/api.w.org\/{rel}","templated":true}]}}