{"id":233,"date":"2018-12-05T22:21:26","date_gmt":"2018-12-05T22:21:26","guid":{"rendered":"http:\/\/bal90.org\/?page_id=233"},"modified":"2018-12-26T10:05:54","modified_gmt":"2018-12-26T10:05:54","slug":"muhip-kazim-aksoyer","status":"publish","type":"page","link":"http:\/\/bal90.org\/?page_id=233","title":{"rendered":"Muhip Kaz\u0131m Aksoyer"},"content":{"rendered":"\n<p>MUH\u0130P\u2019imize\u2026<\/p>\n\n\n\n<p>Y\u0131llardan 1983 aylardan Eyl\u00fcl\u2026<\/p>\n\n\n\n<p>Okul ba\u015flad\u0131\u011f\u0131nda ge\u00e7ici olarak yerle\u015ftirildi\u011fimiz laboratuvardan bozma y\u00fcksek tabureli dersliklerde ba\u015flad\u0131 Muhip\u2019le hayat yolculu\u011fumuz. Sonra sadece haz\u0131rl\u0131k ve orta 1. S\u0131n\u0131flar\u0131n okutuldu\u011fu o sapsar\u0131 renkli yeni binaya yerle\u015fti\u011fimiz g\u00fcnlerde daha da yak\u0131ndan tan\u0131d\u0131k Muhip\u2019i.<\/p>\n\n\n\n<p>Tahir \u00c7abuk, Esin \u00dcnl\u00fcsoy ve Hasan I\u015f\u0131k \u00fc\u00e7l\u00fcs\u00fcn\u00fcn girdi\u011fi Almanca derslerinde, s\u0131ran\u0131n alt\u0131na yerle\u015ftirdi\u011fi \u015femsiyesini vites gibi kulland\u0131\u011f\u0131, di\u011fer elinin s\u00fcrekli hayali bir direksiyonda durdu\u011fu, i\u00e7inden daima bir \u015fark\u0131 m\u0131r\u0131ldand\u0131\u011f\u0131n\u0131, sesini duymasak bile anlayabildi\u011fimiz zamanlarda\u2026<\/p>\n\n\n\n<p>Kocaman g\u00f6zl\u00fcklerinin ard\u0131ndan \u00e7evreye sakin ve ben her \u015feyi zaten biliyorum olgunlu\u011fuyla bakt\u0131\u011f\u0131, teneff\u00fcs zili \u00e7ald\u0131\u011f\u0131nda binan\u0131n \u00f6n\u00fcndeki a\u011fa\u00e7l\u0131k alanda elimizdeki \u00e7ivileri \u0131slak topra\u011fa saplayarak oynanan oyunu bir m\u00fchendis edas\u0131yla oynad\u0131\u011f\u0131, komik buldu\u011fu \u015feylere kat\u0131la kat\u0131la g\u00fcld\u00fc\u011f\u00fc, g\u00fcl\u00fcnce g\u00f6zlerinin yumuk yumuk, yanaklar\u0131n\u0131n k\u0131pk\u0131rm\u0131z\u0131 oldu\u011fu g\u00fcnlerde\u2026 Muhip, baz\u0131lar\u0131m\u0131zca ve bazen de M\u00fcnip, ile beraber g\u00fcld\u00fck e\u011flendik Ceyar\u2019\u0131n, Muhlis\u2019in derslerinde. Kendi yazd\u0131\u011f\u0131m\u0131z tekerlemeyi beraber s\u00f6yledik; Herkert-Moser-Durst\u2026!!! \u00fc\u00e7l\u00fcs\u00fcn\u00fcn derslerinde\u2026 Tam 7 sene boyunca hem de\u2026<\/p>\n\n\n\n<p>Sonra\u2026 Sonra hepimiz b\u00fcy\u00fcd\u00fck. Mezun olduk, farkl\u0131 yerlere savrulduk. Muhip de pek \u00e7o\u011fumuz gibi hayallerinin pe\u015finden gitti. Minicik ya\u015f\u0131nda tutkuyla ba\u011fland\u0131\u011f\u0131 hayallerinin hem de\u2026<\/p>\n\n\n\n<p>\u00d6yle ki, y\u0131llar sonra onu hem \u00e7ok iyi bir makina m\u00fchendisi hem de Rallici olarak g\u00f6rd\u00fc\u011f\u00fcm\u00fczde hi\u00e7 \u015fa\u015f\u0131rmad\u0131k. Hep hayal etti\u011fi ve bizim de bekledi\u011fimiz yerdeydi \u00e7\u00fcnk\u00fc\u2026 Muhip bizi hi\u00e7 bir zaman \u015fa\u015f\u0131rtmad\u0131, hayal k\u0131r\u0131kl\u0131\u011f\u0131na u\u011fratmad\u0131, hayat i\u00e7inde. Hep kendinden bekleneni ve kendine yak\u0131\u015fan\u0131 yapt\u0131. Ta ki 40 ya\u015f\u0131na gelene kadar\u2026! O h\u00e2l\u00e2 kendi ad\u0131na d\u00fczenlenen Ralli \u015eampiyonalar\u0131nda ve her bir araya geldi\u011fimizde araya mutlaka s\u0131k\u0131\u015ft\u0131rd\u0131\u011f\u0131m\u0131z g\u00fczel an\u0131lar\u0131m\u0131zda ya\u015f\u0131yor\u2026<\/p>\n\n\n\n<p>7 sene boyunca, sonras\u0131nda t\u00fcm hayat\u0131m\u0131z\u0131n merkezinde olacak olan, BAL\u2019\u0131 birlikte ya\u015fad\u0131k t\u00fcm s\u0131n\u0131f ve d\u00f6nem arkada\u015flar\u0131m\u0131zla.<\/p>\n\n\n\n<p>En \u00e7ok sevdikleriyle bile bu s\u00fcrenin \u00e7ok daha az\u0131nda sorunlar ya\u015fayan biz insano\u011fullar\u0131, arkada\u015ftan \u2013 karde\u015ften \u00f6te olduklar\u0131m\u0131zla o zaman kocaman bir \u00f6mr\u00fc, \u015fimdi bak\u0131nca da \u00e7ok k\u0131sayd\u0131 dedi\u011fimiz y\u0131llar\u0131m\u0131z\u0131 payla\u015ft\u0131k. Ac\u0131y\u0131, tatl\u0131y\u0131, mutlulu\u011fu ve h\u00fczn\u00fc&#8230; Hayat\u0131m\u0131zdaki ilklerin ba\u015flad\u0131\u011f\u0131 y\u0131llar\u0131\u2026<\/p>\n\n\n\n<p>\u00dczerinden bunca zaman ge\u00e7mesine ra\u011fmen birbirinden hi\u00e7 ayr\u0131lmayan kocaman bir ailenin bir ferdiydi Muhip de, hal\u00e2 da \u00f6yle\u2026Her bulu\u015fmam\u0131zda, her g\u00f6r\u00fc\u015fmemizde, yap\u0131lan her etkinlikte\u2026yani BAL 90\u2019\u0131n ad\u0131n\u0131n ge\u00e7ti\u011fi her mecrada o da var. Hep var, hep olacak\u2026<\/p>\n\n\n\n<p>Biz Muhip\u2019imizi hep an\u0131ms\u0131yoruz, \u00e7\u00fcnk\u00fc biliyoruz ki; \u00f6lmek unutulmak de\u011fil, unutulmak \u00f6lmektir\u2026<\/p>\n","protected":false},"excerpt":{"rendered":"<p>MUH\u0130P\u2019imize\u2026 Y\u0131llardan 1983 aylardan Eyl\u00fcl\u2026 Okul ba\u015flad\u0131\u011f\u0131nda ge\u00e7ici olarak yerle\u015ftirildi\u011fimiz laboratuvardan bozma y\u00fcksek tabureli dersliklerde ba\u015flad\u0131 Muhip\u2019le hayat yolculu\u011fumuz. Sonra sadece haz\u0131rl\u0131k ve orta 1. S\u0131n\u0131flar\u0131n okutuldu\u011fu o sapsar\u0131 renkli yeni binaya yerle\u015fti\u011fimiz g\u00fcnlerde daha da yak\u0131ndan tan\u0131d\u0131k Muhip\u2019i. Tahir \u00c7abuk, Esin \u00dcnl\u00fcsoy ve Hasan I\u015f\u0131k \u00fc\u00e7l\u00fcs\u00fcn\u00fcn girdi\u011fi Almanca derslerinde, s\u0131ran\u0131n alt\u0131na yerle\u015ftirdi\u011fi \u015femsiyesini vites &hellip; <\/p>\n","protected":false},"author":1,"featured_media":247,"parent":0,"menu_order":0,"comment_status":"open","ping_status":"closed","template":"","meta":[],"_links":{"self":[{"href":"http:\/\/bal90.org\/index.php?rest_route=\/wp\/v2\/pages\/233"}],"collection":[{"href":"http:\/\/bal90.org\/index.php?rest_route=\/wp\/v2\/pages"}],"about":[{"href":"http:\/\/bal90.org\/index.php?rest_route=\/wp\/v2\/types\/page"}],"author":[{"embeddable":true,"href":"http:\/\/bal90.org\/index.php?rest_route=\/wp\/v2\/users\/1"}],"replies":[{"embeddable":true,"href":"http:\/\/bal90.org\/index.php?rest_route=%2Fwp%2Fv2%2Fcomments&post=233"}],"version-history":[{"count":2,"href":"http:\/\/bal90.org\/index.php?rest_route=\/wp\/v2\/pages\/233\/revisions"}],"predecessor-version":[{"id":1057,"href":"http:\/\/bal90.org\/index.php?rest_route=\/wp\/v2\/pages\/233\/revisions\/1057"}],"wp:featuredmedia":[{"embeddable":true,"href":"http:\/\/bal90.org\/index.php?rest_route=\/wp\/v2\/media\/247"}],"wp:attachment":[{"href":"http:\/\/bal90.org\/index.php?rest_route=%2Fwp%2Fv2%2Fmedia&parent=233"}],"curies":[{"name":"wp","href":"https:\/\/api.w.org\/{rel}","templated":true}]}}