{"id":237,"date":"2018-12-05T22:22:26","date_gmt":"2018-12-05T22:22:26","guid":{"rendered":"http:\/\/bal90.org\/?page_id=237"},"modified":"2018-12-06T10:36:57","modified_gmt":"2018-12-06T10:36:57","slug":"tolga-kucuk","status":"publish","type":"page","link":"http:\/\/bal90.org\/?page_id=237","title":{"rendered":"Tolga K\u00fc\u00e7\u00fck"},"content":{"rendered":"","protected":false},"excerpt":{"rendered":"","protected":false},"author":1,"featured_media":259,"parent":0,"menu_order":0,"comment_status":"closed","ping_status":"closed","template":"","meta":[],"_links":{"self":[{"href":"http:\/\/bal90.org\/index.php?rest_route=\/wp\/v2\/pages\/237"}],"collection":[{"href":"http:\/\/bal90.org\/index.php?rest_route=\/wp\/v2\/pages"}],"about":[{"href":"http:\/\/bal90.org\/index.php?rest_route=\/wp\/v2\/types\/page"}],"author":[{"embeddable":true,"href":"http:\/\/bal90.org\/index.php?rest_route=\/wp\/v2\/users\/1"}],"replies":[{"embeddable":true,"href":"http:\/\/bal90.org\/index.php?rest_route=%2Fwp%2Fv2%2Fcomments&post=237"}],"version-history":[{"count":1,"href":"http:\/\/bal90.org\/index.php?rest_route=\/wp\/v2\/pages\/237\/revisions"}],"predecessor-version":[{"id":238,"href":"http:\/\/bal90.org\/index.php?rest_route=\/wp\/v2\/pages\/237\/revisions\/238"}],"wp:featuredmedia":[{"embeddable":true,"href":"http:\/\/bal90.org\/index.php?rest_route=\/wp\/v2\/media\/259"}],"wp:attachment":[{"href":"http:\/\/bal90.org\/index.php?rest_route=%2Fwp%2Fv2%2Fmedia&parent=237"}],"curies":[{"name":"wp","href":"https:\/\/api.w.org\/{rel}","templated":true}]}}